{"id":705,"date":"2023-05-23T19:33:51","date_gmt":"2023-05-24T00:33:51","guid":{"rendered":"https:\/\/citrar.uni.edu.pe\/?page_id=705"},"modified":"2023-05-23T20:04:47","modified_gmt":"2023-05-24T01:04:47","slug":"funcionamiento-de-la-planta-de-tratamiento","status":"publish","type":"page","link":"https:\/\/citrar.uni.edu.pe\/index.php\/nosotros\/funcionamiento-de-la-planta-de-tratamiento\/","title":{"rendered":"Funcionamiento de la planta de tratamiento"},"content":{"rendered":"\n<p><strong>PROCESOS DE TRATAMIENTO PROCESOS DE TRATAMIENTO PRE\u2212TRATAMIENTO PRE\u2212TRATAMIENTO<br><\/strong><\/p>\n\n\n\n<p>C\u00c1MARA DE REJAS Se cuenta con dos tipos de rejas, una de 25 mm y otra de 15 mm de separaci\u00f3n entre barras. En estas unidades se retienen los materiales s\u00f3lidos grandes que son arrastrados usualmente por las aguas residuales (bolsas, pl\u00e1sticos, restos de vegetales,  animales muertos, etc.). Estos desechos se disponen finalmente en un relleno sanitario de operaci\u00f3n manual ubicado dentro del \u00e1rea de la planta.<\/p>\n\n\n\n<p><br><strong>DESARENADOR<\/strong><br>Permite remover las arenas que usualmente arrastran las aguas residuales. Este desarenador es de flujo horizontal, y de secci\u00f3n rectangular. Se dispone de dos unidades de funcionamiento alterno del agua. La velocidad de paso por esta estructura se controla mediante la instalaci\u00f3n de un vertedero Sutro a la salida de la unidad. <\/p>\n\n\n\n<p><strong>TRATAMIENTO PRIMARIO<br><\/strong>UASB RAMLFA \u2212 UASB Reactor Anaerobio de Manto de Lodos de Flujo Ascendente de Flujo Ascendente<\/p>\n\n\n\n<p>Esta unidad de tratamiento cuenta con un digestor, dos sedimentadores y una c\u00e1mara de gas. El agua residual a ser tratada se distribuye uniformemente en el fondo del reactor. Posteriormente, fluye a trav\u00e9s de una capa o manto de lodos. Esta capa transforma o degrada la materia org\u00e1nica mediante una digesti\u00f3n anaerobia. En ella se realizan los procesos de hidr\u00f3lisis, acetog\u00e9nesis y metanog\u00e9nesis. El biog\u00e1s formado se acumula en una c\u00e1mara de gases y el agua residual asciende hacia los sedimentadores y de ah\u00ed es recolectado en las canaletas, obteni\u00e9ndose un efluente clarificado que va posteriormente a las lagunas de estabilizaci\u00f3n para continuar con el tratamiento secundario. Se ha instalado un Tanque de Mariotte, por medio del cual se realiza mediciones de la producci\u00f3n del biog\u00e1s que se genera<br>en el reactor. Este gas tiene como productos principales al CH4, CO2 y H2S. Este CH4 (metano) es un combustible que puede ser aprovechado. El exceso de lodos que se retiran peri\u00f3dicamente del RAMLFA para su deshidrataci\u00f3n se dispone en un Lecho de Secado. Esta unidad cuenta con un medio filtrante conformado por arena y grava, adem\u00e1s de un sistema de drenaje por donde desaguar\u00e1n los l\u00edquidos percolados hacia el sistema de desag\u00fce.<\/p>\n\n\n\n<p><strong>TRATAMIENTO SECUNDARIO<br><\/strong>LAGUNAS DE ESTABILIZACION LAGUNAS DE ESTABILIZACION CITRAR-UNI<br>Posee dos lagunas del tipo facultativas dispuestas en serie, alcanzando un periodo de retenci\u00f3n total de 16 d\u00edas, las cuales reciben el efluente del RAMLFA. La laguna secundaria es de forma rectangular y tiene un volumen de 7500 m3, la laguna terciaria es cuadrada y posee un volumen de 3750 m3. Los procesos que se desarrollan en las lagunas son: sedimentaci\u00f3n, digesti\u00f3n de lodos, estabilizaci\u00f3n aerobia de la materia org\u00e1nica con consumo de CO2; fotos\u00edntesis con formaci\u00f3n de algas, producci\u00f3n de O2 y consumo de CO2; y remoci\u00f3n de bacterias y par\u00e1sitos.<\/p>\n\n\n\n<p><br><strong>BENEFICIOS Y SERVICIOS OFRECIDOS<\/strong><\/p>\n\n\n\n<ul class=\"wp-block-list\">\n<li>Contribuci\u00f3n a la formaci\u00f3n t\u00e9cnico profesional de los estudiantes a nivel de Pre-grado y Post grado a nivel nacional e internacional.<\/li>\n\n\n\n<li>Uso del agua tratada para el riego de parques y jardines del campus universitario y de distritos vecinos. &#8211; Uso del agua tratada en el cultivo de peces para consumo humano.<\/li>\n\n\n\n<li>Fomento de la investigaci\u00f3n cient\u00edfica en el \u00e1rea del tratamiento de las aguas residuales y residuos peligrosos, mediante el apoyo en el desarrollo de tesis de investigaci\u00f3n. <\/li>\n\n\n\n<li>Visitas guiadas a colegios, universidades e Instituciones p\u00fablicas, privadas y del extranjero. <\/li>\n\n\n\n<li>CITRAR-UNI brinda servicios de asesor\u00eda t\u00e9cnica y capacitaci\u00f3n en el \u00e1rea del tratamiento de las aguas residuales domesticas e industriales.<\/li>\n<\/ul>\n","protected":false},"excerpt":{"rendered":"<p>PROCESOS DE TRATAMIENTO PROCESOS DE TRATAMIENTO PRE\u2212TRATAMIENTO PRE\u2212TRATAMIENTO C\u00c1MARA DE REJAS Se cuenta con dos tipos de rejas, una de 25 mm y otra de&hellip;<\/p>\n","protected":false},"author":1,"featured_media":685,"parent":23,"menu_order":0,"comment_status":"closed","ping_status":"closed","template":"","meta":{"footnotes":""},"class_list":["post-705","page","type-page","status-publish","has-post-thumbnail","hentry"],"_links":{"self":[{"href":"https:\/\/citrar.uni.edu.pe\/index.php\/wp-json\/wp\/v2\/pages\/705","targetHints":{"allow":["GET"]}}],"collection":[{"href":"https:\/\/citrar.uni.edu.pe\/index.php\/wp-json\/wp\/v2\/pages"}],"about":[{"href":"https:\/\/citrar.uni.edu.pe\/index.php\/wp-json\/wp\/v2\/types\/page"}],"author":[{"embeddable":true,"href":"https:\/\/citrar.uni.edu.pe\/index.php\/wp-json\/wp\/v2\/users\/1"}],"replies":[{"embeddable":true,"href":"https:\/\/citrar.uni.edu.pe\/index.php\/wp-json\/wp\/v2\/comments?post=705"}],"version-history":[{"count":2,"href":"https:\/\/citrar.uni.edu.pe\/index.php\/wp-json\/wp\/v2\/pages\/705\/revisions"}],"predecessor-version":[{"id":725,"href":"https:\/\/citrar.uni.edu.pe\/index.php\/wp-json\/wp\/v2\/pages\/705\/revisions\/725"}],"up":[{"embeddable":true,"href":"https:\/\/citrar.uni.edu.pe\/index.php\/wp-json\/wp\/v2\/pages\/23"}],"wp:featuredmedia":[{"embeddable":true,"href":"https:\/\/citrar.uni.edu.pe\/index.php\/wp-json\/wp\/v2\/media\/685"}],"wp:attachment":[{"href":"https:\/\/citrar.uni.edu.pe\/index.php\/wp-json\/wp\/v2\/media?parent=705"}],"curies":[{"name":"wp","href":"https:\/\/api.w.org\/{rel}","templated":true}]}}